{"id":724,"date":"2022-12-20T14:41:30","date_gmt":"2022-12-20T14:41:30","guid":{"rendered":"https:\/\/sotek.cl\/iminning\/?page_id=724"},"modified":"2022-12-20T14:50:48","modified_gmt":"2022-12-20T14:50:48","slug":"mega-menu","status":"publish","type":"page","link":"https:\/\/iminning.cl\/en\/mega-menu\/","title":{"rendered":"Mega Menu"},"content":{"rendered":"<div data-elementor-type=\"wp-page\" data-elementor-id=\"724\" class=\"elementor elementor-724\" data-elementor-settings=\"{&quot;element_pack_global_tooltip_width&quot;:{&quot;unit&quot;:&quot;px&quot;,&quot;size&quot;:&quot;&quot;,&quot;sizes&quot;:[]},&quot;element_pack_global_tooltip_width_tablet&quot;:{&quot;unit&quot;:&quot;px&quot;,&quot;size&quot;:&quot;&quot;,&quot;sizes&quot;:[]},&quot;element_pack_global_tooltip_width_mobile&quot;:{&quot;unit&quot;:&quot;px&quot;,&quot;size&quot;:&quot;&quot;,&quot;sizes&quot;:[]},&quot;element_pack_global_tooltip_padding&quot;:{&quot;unit&quot;:&quot;px&quot;,&quot;top&quot;:&quot;&quot;,&quot;right&quot;:&quot;&quot;,&quot;bottom&quot;:&quot;&quot;,&quot;left&quot;:&quot;&quot;,&quot;isLinked&quot;:true},&quot;element_pack_global_tooltip_padding_tablet&quot;:{&quot;unit&quot;:&quot;px&quot;,&quot;top&quot;:&quot;&quot;,&quot;right&quot;:&quot;&quot;,&quot;bottom&quot;:&quot;&quot;,&quot;left&quot;:&quot;&quot;,&quot;isLinked&quot;:true},&quot;element_pack_global_tooltip_padding_mobile&quot;:{&quot;unit&quot;:&quot;px&quot;,&quot;top&quot;:&quot;&quot;,&quot;right&quot;:&quot;&quot;,&quot;bottom&quot;:&quot;&quot;,&quot;left&quot;:&quot;&quot;,&quot;isLinked&quot;:true},&quot;element_pack_global_tooltip_border_radius&quot;:{&quot;unit&quot;:&quot;px&quot;,&quot;top&quot;:&quot;&quot;,&quot;right&quot;:&quot;&quot;,&quot;bottom&quot;:&quot;&quot;,&quot;left&quot;:&quot;&quot;,&quot;isLinked&quot;:true},&quot;element_pack_global_tooltip_border_radius_tablet&quot;:{&quot;unit&quot;:&quot;px&quot;,&quot;top&quot;:&quot;&quot;,&quot;right&quot;:&quot;&quot;,&quot;bottom&quot;:&quot;&quot;,&quot;left&quot;:&quot;&quot;,&quot;isLinked&quot;:true},&quot;element_pack_global_tooltip_border_radius_mobile&quot;:{&quot;unit&quot;:&quot;px&quot;,&quot;top&quot;:&quot;&quot;,&quot;right&quot;:&quot;&quot;,&quot;bottom&quot;:&quot;&quot;,&quot;left&quot;:&quot;&quot;,&quot;isLinked&quot;:true}}\" data-elementor-post-type=\"page\">\n\t\t\t\t\t\t<section class=\"elementor-section elementor-top-section elementor-element elementor-element-78e7f79 elementor-section-boxed elementor-section-height-default elementor-section-height-default\" data-id=\"78e7f79\" data-element_type=\"section\" data-settings=\"{&quot;background_background&quot;:&quot;classic&quot;}\">\n\t\t\t\t\t\t<div class=\"elementor-container elementor-column-gap-default\">\n\t\t\t\t\t<div class=\"elementor-column elementor-col-33 elementor-top-column elementor-element elementor-element-5627809\" data-id=\"5627809\" data-element_type=\"column\">\n\t\t\t<div class=\"elementor-widget-wrap elementor-element-populated\">\n\t\t\t\t\t\t<div class=\"elementor-element elementor-element-ad03e57 elementor-widget elementor-widget-image\" data-id=\"ad03e57\" data-element_type=\"widget\" data-widget_type=\"image.default\">\n\t\t\t\t<div class=\"elementor-widget-container\">\n\t\t\t\t\t\t\t\t\t\t\t\t\t\t\t<img decoding=\"async\" width=\"250\" height=\"52\" src=\"https:\/\/iminning.cl\/wp-content\/uploads\/2022\/08\/xxx4.png\" class=\"attachment-large size-large wp-image-7\" alt=\"\" srcset=\"https:\/\/iminning.cl\/wp-content\/uploads\/2022\/08\/xxx4.png 250w, https:\/\/iminning.cl\/wp-content\/uploads\/2022\/08\/xxx4-18x4.png 18w, https:\/\/iminning.cl\/wp-content\/uploads\/2022\/08\/xxx4-24x5.png 24w, https:\/\/iminning.cl\/wp-content\/uploads\/2022\/08\/xxx4-36x7.png 36w, https:\/\/iminning.cl\/wp-content\/uploads\/2022\/08\/xxx4-48x10.png 48w\" sizes=\"(max-width: 250px) 100vw, 250px\" \/>\t\t\t\t\t\t\t\t\t\t\t\t\t\t\t<\/div>\n\t\t\t\t<\/div>\n\t\t\t\t\t<\/div>\n\t\t<\/div>\n\t\t\t\t<div class=\"elementor-column elementor-col-66 elementor-top-column elementor-element elementor-element-4d76016\" data-id=\"4d76016\" data-element_type=\"column\">\n\t\t\t<div class=\"elementor-widget-wrap\">\n\t\t\t\t\t\t\t<\/div>\n\t\t<\/div>\n\t\t\t\t\t<\/div>\n\t\t<\/section>\n\t\t\t\t<section class=\"elementor-section elementor-top-section elementor-element elementor-element-88a5788 elementor-section-boxed elementor-section-height-default elementor-section-height-default\" data-id=\"88a5788\" data-element_type=\"section\" data-settings=\"{&quot;background_background&quot;:&quot;classic&quot;}\">\n\t\t\t\t\t\t<div class=\"elementor-container elementor-column-gap-default\">\n\t\t\t\t\t<div class=\"elementor-column elementor-col-100 elementor-top-column elementor-element elementor-element-82f77a4\" data-id=\"82f77a4\" data-element_type=\"column\">\n\t\t\t<div class=\"elementor-widget-wrap\">\n\t\t\t\t\t\t\t<\/div>\n\t\t<\/div>\n\t\t\t\t\t<\/div>\n\t\t<\/section>\n\t\t\t\t<section class=\"elementor-section elementor-top-section elementor-element elementor-element-8e84677 elementor-section-boxed elementor-section-height-default elementor-section-height-default\" data-id=\"8e84677\" data-element_type=\"section\" data-settings=\"{&quot;background_background&quot;:&quot;classic&quot;}\">\n\t\t\t\t\t\t<div class=\"elementor-container elementor-column-gap-default\">\n\t\t\t\t\t<div class=\"elementor-column elementor-col-100 elementor-top-column elementor-element elementor-element-05e3884\" data-id=\"05e3884\" data-element_type=\"column\">\n\t\t\t<div class=\"elementor-widget-wrap\">\n\t\t\t\t\t\t\t<\/div>\n\t\t<\/div>\n\t\t\t\t\t<\/div>\n\t\t<\/section>\n\t\t\t\t<section class=\"elementor-section elementor-top-section elementor-element elementor-element-e80c00b elementor-section-boxed elementor-section-height-default elementor-section-height-default\" data-id=\"e80c00b\" data-element_type=\"section\" data-settings=\"{&quot;background_background&quot;:&quot;classic&quot;}\">\n\t\t\t\t\t\t<div class=\"elementor-container elementor-column-gap-default\">\n\t\t\t\t\t<div class=\"elementor-column elementor-col-100 elementor-top-column elementor-element elementor-element-c4f7e90\" data-id=\"c4f7e90\" data-element_type=\"column\">\n\t\t\t<div class=\"elementor-widget-wrap\">\n\t\t\t\t\t\t\t<\/div>\n\t\t<\/div>\n\t\t\t\t\t<\/div>\n\t\t<\/section>\n\t\t\t\t<section class=\"elementor-section elementor-top-section elementor-element elementor-element-3ec0104 elementor-section-boxed elementor-section-height-default elementor-section-height-default\" data-id=\"3ec0104\" data-element_type=\"section\" data-settings=\"{&quot;background_background&quot;:&quot;classic&quot;}\">\n\t\t\t\t\t\t<div class=\"elementor-container elementor-column-gap-default\">\n\t\t\t\t\t<div class=\"elementor-column elementor-col-100 elementor-top-column elementor-element elementor-element-1a32d6b\" data-id=\"1a32d6b\" data-element_type=\"column\">\n\t\t\t<div class=\"elementor-widget-wrap\">\n\t\t\t\t\t\t\t<\/div>\n\t\t<\/div>\n\t\t\t\t\t<\/div>\n\t\t<\/section>\n\t\t\t\t<section class=\"elementor-section elementor-top-section elementor-element elementor-element-ffc758a elementor-section-boxed elementor-section-height-default elementor-section-height-default\" data-id=\"ffc758a\" data-element_type=\"section\" data-settings=\"{&quot;background_background&quot;:&quot;classic&quot;}\">\n\t\t\t\t\t\t<div class=\"elementor-container elementor-column-gap-default\">\n\t\t\t\t\t<div class=\"elementor-column elementor-col-100 elementor-top-column elementor-element elementor-element-6338a46\" data-id=\"6338a46\" data-element_type=\"column\">\n\t\t\t<div class=\"elementor-widget-wrap\">\n\t\t\t\t\t\t\t<\/div>\n\t\t<\/div>\n\t\t\t\t\t<\/div>\n\t\t<\/section>\n\t\t\t\t<\/div>","protected":false},"excerpt":{"rendered":"","protected":false},"author":1,"featured_media":0,"parent":0,"menu_order":0,"comment_status":"closed","ping_status":"closed","template":"elementor_canvas","meta":{"site-sidebar-layout":"no-sidebar","site-content-layout":"page-builder","ast-global-header-display":"","ast-main-header-display":"","ast-hfb-above-header-display":"","ast-hfb-below-header-display":"","ast-hfb-mobile-header-display":"","site-post-title":"disabled","ast-breadcrumbs-content":"","ast-featured-img":"disabled","footer-sml-layout":"","theme-transparent-header-meta":"","adv-header-id-meta":"","stick-header-meta":"","header-above-stick-meta":"","header-main-stick-meta":"","header-below-stick-meta":"","footnotes":""},"class_list":["post-724","page","type-page","status-publish","hentry"],"yoast_head":"<!-- This site is optimized with the Yoast SEO plugin v25.7 - https:\/\/yoast.com\/wordpress\/plugins\/seo\/ -->\n<title>Mega Menu - Tuber\u00eda HDPE Corrugado y Liso<\/title>\n<meta name=\"description\" content=\"Trabajamos las l\u00edneas de HDPE liso, HDPE corrugado, PVC telef\u00f3nico, Poliductos para fibra \u00f3ptica y Fabricaci\u00f3n de piezas especiales en HDPE corrugado.\" \/>\n<meta name=\"robots\" content=\"index, follow, max-snippet:-1, max-image-preview:large, max-video-preview:-1\" \/>\n<link rel=\"canonical\" href=\"https:\/\/iminning.cl\/en\/mega-menu\/\" \/>\n<meta property=\"og:locale\" content=\"en_US\" \/>\n<meta property=\"og:type\" content=\"article\" \/>\n<meta property=\"og:title\" content=\"Mega Menu - Tuber\u00eda HDPE Corrugado y Liso\" \/>\n<meta property=\"og:description\" content=\"Trabajamos las l\u00edneas de HDPE liso, HDPE corrugado, PVC telef\u00f3nico, Poliductos para fibra \u00f3ptica y Fabricaci\u00f3n de piezas especiales en HDPE corrugado.\" \/>\n<meta property=\"og:url\" content=\"https:\/\/iminning.cl\/en\/mega-menu\/\" \/>\n<meta property=\"og:site_name\" content=\"Tuber\u00eda HDPE Corrugado y Liso\" \/>\n<meta property=\"article:modified_time\" content=\"2022-12-20T14:50:48+00:00\" \/>\n<meta property=\"og:image\" content=\"https:\/\/sotek.cl\/iminning\/wp-content\/uploads\/2022\/08\/xxx4.png\" \/>\n<meta name=\"twitter:card\" content=\"summary_large_image\" \/>\n<script type=\"application\/ld+json\" class=\"yoast-schema-graph\">{\"@context\":\"https:\/\/schema.org\",\"@graph\":[{\"@type\":\"WebPage\",\"@id\":\"https:\/\/iminning.cl\/mega-menu\/\",\"url\":\"https:\/\/iminning.cl\/mega-menu\/\",\"name\":\"Mega Menu - Tuber\u00eda HDPE Corrugado y Liso\",\"isPartOf\":{\"@id\":\"https:\/\/iminning.cl\/#website\"},\"primaryImageOfPage\":{\"@id\":\"https:\/\/iminning.cl\/mega-menu\/#primaryimage\"},\"image\":{\"@id\":\"https:\/\/iminning.cl\/mega-menu\/#primaryimage\"},\"thumbnailUrl\":\"https:\/\/sotek.cl\/iminning\/wp-content\/uploads\/2022\/08\/xxx4.png\",\"datePublished\":\"2022-12-20T14:41:30+00:00\",\"dateModified\":\"2022-12-20T14:50:48+00:00\",\"description\":\"Trabajamos las l\u00edneas de HDPE liso, HDPE corrugado, PVC telef\u00f3nico, Poliductos para fibra \u00f3ptica y Fabricaci\u00f3n de piezas especiales en HDPE corrugado.\",\"breadcrumb\":{\"@id\":\"https:\/\/iminning.cl\/mega-menu\/#breadcrumb\"},\"inLanguage\":\"en-US\",\"potentialAction\":[{\"@type\":\"ReadAction\",\"target\":[\"https:\/\/iminning.cl\/mega-menu\/\"]}]},{\"@type\":\"ImageObject\",\"inLanguage\":\"en-US\",\"@id\":\"https:\/\/iminning.cl\/mega-menu\/#primaryimage\",\"url\":\"https:\/\/sotek.cl\/iminning\/wp-content\/uploads\/2022\/08\/xxx4.png\",\"contentUrl\":\"https:\/\/sotek.cl\/iminning\/wp-content\/uploads\/2022\/08\/xxx4.png\"},{\"@type\":\"BreadcrumbList\",\"@id\":\"https:\/\/iminning.cl\/mega-menu\/#breadcrumb\",\"itemListElement\":[{\"@type\":\"ListItem\",\"position\":1,\"name\":\"Home\",\"item\":\"https:\/\/iminning.cl\/\"},{\"@type\":\"ListItem\",\"position\":2,\"name\":\"Mega Menu\"}]},{\"@type\":\"WebSite\",\"@id\":\"https:\/\/iminning.cl\/#website\",\"url\":\"https:\/\/iminning.cl\/\",\"name\":\"Tuber\u00eda HDPE Corrugado y Liso\",\"description\":\"Expertos en Tuber\u00edas\",\"publisher\":{\"@id\":\"https:\/\/iminning.cl\/#organization\"},\"potentialAction\":[{\"@type\":\"SearchAction\",\"target\":{\"@type\":\"EntryPoint\",\"urlTemplate\":\"https:\/\/iminning.cl\/?s={search_term_string}\"},\"query-input\":{\"@type\":\"PropertyValueSpecification\",\"valueRequired\":true,\"valueName\":\"search_term_string\"}}],\"inLanguage\":\"en-US\"},{\"@type\":\"Organization\",\"@id\":\"https:\/\/iminning.cl\/#organization\",\"name\":\"Iminning\",\"url\":\"https:\/\/iminning.cl\/\",\"logo\":{\"@type\":\"ImageObject\",\"inLanguage\":\"en-US\",\"@id\":\"https:\/\/iminning.cl\/#\/schema\/logo\/image\/\",\"url\":\"https:\/\/iminning.cl\/wp-content\/uploads\/2022\/08\/xxx4.png\",\"contentUrl\":\"https:\/\/iminning.cl\/wp-content\/uploads\/2022\/08\/xxx4.png\",\"width\":250,\"height\":52,\"caption\":\"Iminning\"},\"image\":{\"@id\":\"https:\/\/iminning.cl\/#\/schema\/logo\/image\/\"}}]}<\/script>\n<!-- \/ Yoast SEO plugin. -->","yoast_head_json":{"title":"Mega Menu - Tuber\u00eda HDPE Corrugado y Liso","description":"Trabajamos las l\u00edneas de HDPE liso, HDPE corrugado, PVC telef\u00f3nico, Poliductos para fibra \u00f3ptica y Fabricaci\u00f3n de piezas especiales en HDPE corrugado.","robots":{"index":"index","follow":"follow","max-snippet":"max-snippet:-1","max-image-preview":"max-image-preview:large","max-video-preview":"max-video-preview:-1"},"canonical":"https:\/\/iminning.cl\/en\/mega-menu\/","og_locale":"en_US","og_type":"article","og_title":"Mega Menu - Tuber\u00eda HDPE Corrugado y Liso","og_description":"Trabajamos las l\u00edneas de HDPE liso, HDPE corrugado, PVC telef\u00f3nico, Poliductos para fibra \u00f3ptica y Fabricaci\u00f3n de piezas especiales en HDPE corrugado.","og_url":"https:\/\/iminning.cl\/en\/mega-menu\/","og_site_name":"Tuber\u00eda HDPE Corrugado y Liso","article_modified_time":"2022-12-20T14:50:48+00:00","og_image":[{"url":"https:\/\/sotek.cl\/iminning\/wp-content\/uploads\/2022\/08\/xxx4.png","type":"","width":"","height":""}],"twitter_card":"summary_large_image","schema":{"@context":"https:\/\/schema.org","@graph":[{"@type":"WebPage","@id":"https:\/\/iminning.cl\/mega-menu\/","url":"https:\/\/iminning.cl\/mega-menu\/","name":"Mega Menu - Tuber\u00eda HDPE Corrugado y Liso","isPartOf":{"@id":"https:\/\/iminning.cl\/#website"},"primaryImageOfPage":{"@id":"https:\/\/iminning.cl\/mega-menu\/#primaryimage"},"image":{"@id":"https:\/\/iminning.cl\/mega-menu\/#primaryimage"},"thumbnailUrl":"https:\/\/sotek.cl\/iminning\/wp-content\/uploads\/2022\/08\/xxx4.png","datePublished":"2022-12-20T14:41:30+00:00","dateModified":"2022-12-20T14:50:48+00:00","description":"Trabajamos las l\u00edneas de HDPE liso, HDPE corrugado, PVC telef\u00f3nico, Poliductos para fibra \u00f3ptica y Fabricaci\u00f3n de piezas especiales en HDPE corrugado.","breadcrumb":{"@id":"https:\/\/iminning.cl\/mega-menu\/#breadcrumb"},"inLanguage":"en-US","potentialAction":[{"@type":"ReadAction","target":["https:\/\/iminning.cl\/mega-menu\/"]}]},{"@type":"ImageObject","inLanguage":"en-US","@id":"https:\/\/iminning.cl\/mega-menu\/#primaryimage","url":"https:\/\/sotek.cl\/iminning\/wp-content\/uploads\/2022\/08\/xxx4.png","contentUrl":"https:\/\/sotek.cl\/iminning\/wp-content\/uploads\/2022\/08\/xxx4.png"},{"@type":"BreadcrumbList","@id":"https:\/\/iminning.cl\/mega-menu\/#breadcrumb","itemListElement":[{"@type":"ListItem","position":1,"name":"Home","item":"https:\/\/iminning.cl\/"},{"@type":"ListItem","position":2,"name":"Mega Menu"}]},{"@type":"WebSite","@id":"https:\/\/iminning.cl\/#website","url":"https:\/\/iminning.cl\/","name":"Tuber\u00eda HDPE Corrugado y Liso","description":"Expertos en Tuber\u00edas","publisher":{"@id":"https:\/\/iminning.cl\/#organization"},"potentialAction":[{"@type":"SearchAction","target":{"@type":"EntryPoint","urlTemplate":"https:\/\/iminning.cl\/?s={search_term_string}"},"query-input":{"@type":"PropertyValueSpecification","valueRequired":true,"valueName":"search_term_string"}}],"inLanguage":"en-US"},{"@type":"Organization","@id":"https:\/\/iminning.cl\/#organization","name":"Iminning","url":"https:\/\/iminning.cl\/","logo":{"@type":"ImageObject","inLanguage":"en-US","@id":"https:\/\/iminning.cl\/#\/schema\/logo\/image\/","url":"https:\/\/iminning.cl\/wp-content\/uploads\/2022\/08\/xxx4.png","contentUrl":"https:\/\/iminning.cl\/wp-content\/uploads\/2022\/08\/xxx4.png","width":250,"height":52,"caption":"Iminning"},"image":{"@id":"https:\/\/iminning.cl\/#\/schema\/logo\/image\/"}}]}},"_links":{"self":[{"href":"https:\/\/iminning.cl\/en\/wp-json\/wp\/v2\/pages\/724","targetHints":{"allow":["GET"]}}],"collection":[{"href":"https:\/\/iminning.cl\/en\/wp-json\/wp\/v2\/pages"}],"about":[{"href":"https:\/\/iminning.cl\/en\/wp-json\/wp\/v2\/types\/page"}],"author":[{"embeddable":true,"href":"https:\/\/iminning.cl\/en\/wp-json\/wp\/v2\/users\/1"}],"replies":[{"embeddable":true,"href":"https:\/\/iminning.cl\/en\/wp-json\/wp\/v2\/comments?post=724"}],"version-history":[{"count":0,"href":"https:\/\/iminning.cl\/en\/wp-json\/wp\/v2\/pages\/724\/revisions"}],"wp:attachment":[{"href":"https:\/\/iminning.cl\/en\/wp-json\/wp\/v2\/media?parent=724"}],"curies":[{"name":"wp","href":"https:\/\/api.w.org\/{rel}","templated":true}]}}