{"id":3016,"date":"2023-04-23T23:21:38","date_gmt":"2023-04-23T23:21:38","guid":{"rendered":"https:\/\/iminning.cl\/?page_id=3016"},"modified":"2025-11-12T17:54:24","modified_gmt":"2025-11-12T17:54:24","slug":"piezas-especiales","status":"publish","type":"page","link":"https:\/\/iminning.cl\/en\/piezas-especiales\/","title":{"rendered":"Piezas Especiales"},"content":{"rendered":"<div data-elementor-type=\"wp-page\" data-elementor-id=\"3016\" class=\"elementor elementor-3016\" data-elementor-settings=\"{&quot;element_pack_global_tooltip_width&quot;:{&quot;unit&quot;:&quot;px&quot;,&quot;size&quot;:&quot;&quot;,&quot;sizes&quot;:[]},&quot;element_pack_global_tooltip_width_tablet&quot;:{&quot;unit&quot;:&quot;px&quot;,&quot;size&quot;:&quot;&quot;,&quot;sizes&quot;:[]},&quot;element_pack_global_tooltip_width_mobile&quot;:{&quot;unit&quot;:&quot;px&quot;,&quot;size&quot;:&quot;&quot;,&quot;sizes&quot;:[]},&quot;element_pack_global_tooltip_padding&quot;:{&quot;unit&quot;:&quot;px&quot;,&quot;top&quot;:&quot;&quot;,&quot;right&quot;:&quot;&quot;,&quot;bottom&quot;:&quot;&quot;,&quot;left&quot;:&quot;&quot;,&quot;isLinked&quot;:true},&quot;element_pack_global_tooltip_padding_tablet&quot;:{&quot;unit&quot;:&quot;px&quot;,&quot;top&quot;:&quot;&quot;,&quot;right&quot;:&quot;&quot;,&quot;bottom&quot;:&quot;&quot;,&quot;left&quot;:&quot;&quot;,&quot;isLinked&quot;:true},&quot;element_pack_global_tooltip_padding_mobile&quot;:{&quot;unit&quot;:&quot;px&quot;,&quot;top&quot;:&quot;&quot;,&quot;right&quot;:&quot;&quot;,&quot;bottom&quot;:&quot;&quot;,&quot;left&quot;:&quot;&quot;,&quot;isLinked&quot;:true},&quot;element_pack_global_tooltip_border_radius&quot;:{&quot;unit&quot;:&quot;px&quot;,&quot;top&quot;:&quot;&quot;,&quot;right&quot;:&quot;&quot;,&quot;bottom&quot;:&quot;&quot;,&quot;left&quot;:&quot;&quot;,&quot;isLinked&quot;:true},&quot;element_pack_global_tooltip_border_radius_tablet&quot;:{&quot;unit&quot;:&quot;px&quot;,&quot;top&quot;:&quot;&quot;,&quot;right&quot;:&quot;&quot;,&quot;bottom&quot;:&quot;&quot;,&quot;left&quot;:&quot;&quot;,&quot;isLinked&quot;:true},&quot;element_pack_global_tooltip_border_radius_mobile&quot;:{&quot;unit&quot;:&quot;px&quot;,&quot;top&quot;:&quot;&quot;,&quot;right&quot;:&quot;&quot;,&quot;bottom&quot;:&quot;&quot;,&quot;left&quot;:&quot;&quot;,&quot;isLinked&quot;:true}}\" data-elementor-post-type=\"page\">\n\t\t\t\t\t\t<section class=\"elementor-section elementor-top-section elementor-element elementor-element-6a933f0 elementor-section-height-min-height elementor-section-boxed elementor-section-height-default elementor-section-items-middle\" data-id=\"6a933f0\" data-element_type=\"section\" data-settings=\"{&quot;background_background&quot;:&quot;classic&quot;}\">\n\t\t\t\t\t\t<div class=\"elementor-container elementor-column-gap-default\">\n\t\t\t\t\t<div class=\"elementor-column elementor-col-100 elementor-top-column elementor-element elementor-element-ec29d91\" data-id=\"ec29d91\" data-element_type=\"column\">\n\t\t\t<div class=\"elementor-widget-wrap elementor-element-populated\">\n\t\t\t\t\t\t<div class=\"elementor-element elementor-element-ad4b0e0 elementor-widget elementor-widget-heading\" data-id=\"ad4b0e0\" data-element_type=\"widget\" data-widget_type=\"heading.default\">\n\t\t\t\t<div class=\"elementor-widget-container\">\n\t\t\t\t\t<h1 class=\"elementor-heading-title elementor-size-default\">SPECIAL PIECES<\/h1>\t\t\t\t<\/div>\n\t\t\t\t<\/div>\n\t\t\t\t\t<\/div>\n\t\t<\/div>\n\t\t\t\t\t<\/div>\n\t\t<\/section>\n\t\t\t\t<section class=\"elementor-section elementor-top-section elementor-element elementor-element-b806733 elementor-section-boxed elementor-section-height-default elementor-section-height-default\" data-id=\"b806733\" data-element_type=\"section\">\n\t\t\t\t\t\t<div class=\"elementor-container elementor-column-gap-default\">\n\t\t\t\t\t<div class=\"elementor-column elementor-col-100 elementor-top-column elementor-element elementor-element-5cd88eb\" data-id=\"5cd88eb\" data-element_type=\"column\">\n\t\t\t<div class=\"elementor-widget-wrap elementor-element-populated\">\n\t\t\t\t\t\t<div class=\"elementor-element elementor-element-8983ad2 elementor-widget elementor-widget-spacer\" data-id=\"8983ad2\" data-element_type=\"widget\" data-widget_type=\"spacer.default\">\n\t\t\t\t<div class=\"elementor-widget-container\">\n\t\t\t\t\t\t\t<div class=\"elementor-spacer\">\n\t\t\t<div class=\"elementor-spacer-inner\"><\/div>\n\t\t<\/div>\n\t\t\t\t\t\t<\/div>\n\t\t\t\t<\/div>\n\t\t\t\t<div class=\"elementor-element elementor-element-3a3ba4a elementor-widget elementor-widget-heading\" data-id=\"3a3ba4a\" data-element_type=\"widget\" data-widget_type=\"heading.default\">\n\t\t\t\t<div class=\"elementor-widget-container\">\n\t\t\t\t\t<h1 class=\"elementor-heading-title elementor-size-default\">Piezas Especiales<\/h1>\t\t\t\t<\/div>\n\t\t\t\t<\/div>\n\t\t\t\t\t<\/div>\n\t\t<\/div>\n\t\t\t\t\t<\/div>\n\t\t<\/section>\n\t\t\t\t<section class=\"elementor-section elementor-top-section elementor-element elementor-element-8f6f8a9 elementor-section-boxed elementor-section-height-default elementor-section-height-default\" data-id=\"8f6f8a9\" data-element_type=\"section\">\n\t\t\t\t\t\t<div class=\"elementor-container elementor-column-gap-default\">\n\t\t\t\t\t<div class=\"elementor-column elementor-col-50 elementor-top-column elementor-element elementor-element-31fde0d\" data-id=\"31fde0d\" data-element_type=\"column\">\n\t\t\t<div class=\"elementor-widget-wrap elementor-element-populated\">\n\t\t\t\t\t\t<div class=\"elementor-element elementor-element-f8fd8f9 elementor-tabs-view-horizontal elementor-widget elementor-widget-tabs\" data-id=\"f8fd8f9\" data-element_type=\"widget\" data-widget_type=\"tabs.default\">\n\t\t\t\t<div class=\"elementor-widget-container\">\n\t\t\t\t\t\t\t<div class=\"elementor-tabs\">\n\t\t\t<div class=\"elementor-tabs-wrapper\" role=\"tablist\" >\n\t\t\t\t\t\t\t\t\t<div id=\"elementor-tab-title-2611\" class=\"elementor-tab-title elementor-tab-desktop-title\" aria-selected=\"true\" data-tab=\"1\" role=\"tab\" tabindex=\"0\" aria-controls=\"elementor-tab-content-2611\" aria-expanded=\"false\">Fabricaci\u00f3n de Piezas Especiales <\/div>\n\t\t\t\t\t\t\t\t\t<div id=\"elementor-tab-title-2612\" class=\"elementor-tab-title elementor-tab-desktop-title\" aria-selected=\"false\" data-tab=\"2\" role=\"tab\" tabindex=\"-1\" aria-controls=\"elementor-tab-content-2612\" aria-expanded=\"false\">Producto<\/div>\n\t\t\t\t\t\t\t\t\t<div id=\"elementor-tab-title-2613\" class=\"elementor-tab-title elementor-tab-desktop-title\" aria-selected=\"false\" data-tab=\"3\" role=\"tab\" tabindex=\"-1\" aria-controls=\"elementor-tab-content-2613\" aria-expanded=\"false\">Servicio y Montaje<\/div>\n\t\t\t\t\t\t\t<\/div>\n\t\t\t<div class=\"elementor-tabs-content-wrapper\" role=\"tablist\" aria-orientation=\"vertical\">\n\t\t\t\t\t\t\t\t\t<div class=\"elementor-tab-title elementor-tab-mobile-title\" aria-selected=\"true\" data-tab=\"1\" role=\"tab\" tabindex=\"0\" aria-controls=\"elementor-tab-content-2611\" aria-expanded=\"false\">Fabricaci\u00f3n de Piezas Especiales <\/div>\n\t\t\t\t\t<div id=\"elementor-tab-content-2611\" class=\"elementor-tab-content elementor-clearfix\" data-tab=\"1\" role=\"tabpanel\" aria-labelledby=\"elementor-tab-title-2611\" tabindex=\"0\" hidden=\"false\"><p align=\"justify\">Realizamos la fabricaci\u00f3n de piezas especiales en HDPE corrugado, las cuales son elaboradas a pedido de acuerdo a las necesidades del cada cliente.<\/div>\n\t\t\t\t\t\t\t\t\t<div class=\"elementor-tab-title elementor-tab-mobile-title\" aria-selected=\"false\" data-tab=\"2\" role=\"tab\" tabindex=\"-1\" aria-controls=\"elementor-tab-content-2612\" aria-expanded=\"false\">Producto<\/div>\n\t\t\t\t\t<div id=\"elementor-tab-content-2612\" class=\"elementor-tab-content elementor-clearfix\" data-tab=\"2\" role=\"tabpanel\" aria-labelledby=\"elementor-tab-title-2612\" tabindex=\"0\" hidden=\"hidden\">We work with top quality products, our raw materials are national products and have all the certification standards required by the market.<\/div>\n\t\t\t\t\t\t\t\t\t<div class=\"elementor-tab-title elementor-tab-mobile-title\" aria-selected=\"false\" data-tab=\"3\" role=\"tab\" tabindex=\"-1\" aria-controls=\"elementor-tab-content-2613\" aria-expanded=\"false\">Servicio y Montaje<\/div>\n\t\t\t\t\t<div id=\"elementor-tab-content-2613\" class=\"elementor-tab-content elementor-clearfix\" data-tab=\"3\" role=\"tabpanel\" aria-labelledby=\"elementor-tab-title-2613\" tabindex=\"0\" hidden=\"hidden\"><li> Cortamos a medida\n<li> Fabricamos seg\u00fan tu proyecto\n<li> Montaje de tuber\u00eda (Piezas Especiales)\n<li> Reparaci\u00f3n por extrusi\u00f3n en terreno<\/div>\n\t\t\t\t\t\t\t<\/div>\n\t\t<\/div>\n\t\t\t\t\t\t<\/div>\n\t\t\t\t<\/div>\n\t\t\t\t<div class=\"elementor-element elementor-element-6ffee14 elementor-widget elementor-widget-spacer\" data-id=\"6ffee14\" data-element_type=\"widget\" data-widget_type=\"spacer.default\">\n\t\t\t\t<div class=\"elementor-widget-container\">\n\t\t\t\t\t\t\t<div class=\"elementor-spacer\">\n\t\t\t<div class=\"elementor-spacer-inner\"><\/div>\n\t\t<\/div>\n\t\t\t\t\t\t<\/div>\n\t\t\t\t<\/div>\n\t\t\t\t<div class=\"elementor-element elementor-element-8a38c2d elementor-arrows-position-inside elementor-pagination-position-outside elementor-widget elementor-widget-image-carousel\" data-id=\"8a38c2d\" data-element_type=\"widget\" data-settings=\"{&quot;slides_to_show&quot;:&quot;2&quot;,&quot;navigation&quot;:&quot;both&quot;,&quot;autoplay&quot;:&quot;yes&quot;,&quot;pause_on_hover&quot;:&quot;yes&quot;,&quot;pause_on_interaction&quot;:&quot;yes&quot;,&quot;autoplay_speed&quot;:5000,&quot;infinite&quot;:&quot;yes&quot;,&quot;speed&quot;:500}\" data-widget_type=\"image-carousel.default\">\n\t\t\t\t<div class=\"elementor-widget-container\">\n\t\t\t\t\t\t\t<div class=\"elementor-image-carousel-wrapper swiper\" role=\"region\" aria-roledescription=\"carousel\" aria-label=\"Carrusel de im\u00e1genes\" dir=\"ltr\">\n\t\t\t<div class=\"elementor-image-carousel swiper-wrapper\" aria-live=\"off\">\n\t\t\t\t\t\t\t\t<div class=\"swiper-slide\" role=\"group\" aria-roledescription=\"slide\" aria-label=\"1 of 6\"><figure class=\"swiper-slide-inner\"><img decoding=\"async\" class=\"swiper-slide-image\" src=\"https:\/\/iminning.cl\/wp-content\/uploads\/2025\/11\/1-1.webp\" alt=\"1\" \/><\/figure><\/div><div class=\"swiper-slide\" role=\"group\" aria-roledescription=\"slide\" aria-label=\"2 of 6\"><figure class=\"swiper-slide-inner\"><img decoding=\"async\" class=\"swiper-slide-image\" src=\"https:\/\/iminning.cl\/wp-content\/uploads\/2025\/11\/2-1.webp\" alt=\"2\" \/><\/figure><\/div><div class=\"swiper-slide\" role=\"group\" aria-roledescription=\"slide\" aria-label=\"3 of 6\"><figure class=\"swiper-slide-inner\"><img decoding=\"async\" class=\"swiper-slide-image\" src=\"https:\/\/iminning.cl\/wp-content\/uploads\/2025\/11\/3-1.webp\" alt=\"3\" \/><\/figure><\/div><div class=\"swiper-slide\" role=\"group\" aria-roledescription=\"slide\" aria-label=\"4 of 6\"><figure class=\"swiper-slide-inner\"><img decoding=\"async\" class=\"swiper-slide-image\" src=\"https:\/\/iminning.cl\/wp-content\/uploads\/2025\/11\/4-1.webp\" alt=\"4\" \/><\/figure><\/div><div class=\"swiper-slide\" role=\"group\" aria-roledescription=\"slide\" aria-label=\"5 of 6\"><figure class=\"swiper-slide-inner\"><img decoding=\"async\" class=\"swiper-slide-image\" src=\"https:\/\/iminning.cl\/wp-content\/uploads\/2025\/11\/5-1.webp\" alt=\"5\" \/><\/figure><\/div><div class=\"swiper-slide\" role=\"group\" aria-roledescription=\"slide\" aria-label=\"6 of 6\"><figure class=\"swiper-slide-inner\"><img decoding=\"async\" class=\"swiper-slide-image\" src=\"https:\/\/iminning.cl\/wp-content\/uploads\/2025\/11\/6-1.webp\" alt=\"6\" \/><\/figure><\/div>\t\t\t<\/div>\n\t\t\t\t\t\t\t\t\t\t\t\t<div class=\"elementor-swiper-button elementor-swiper-button-prev\" role=\"button\" tabindex=\"0\">\n\t\t\t\t\t\t<i aria-hidden=\"true\" class=\"eicon-chevron-left\"><\/i>\t\t\t\t\t<\/div>\n\t\t\t\t\t<div class=\"elementor-swiper-button elementor-swiper-button-next\" role=\"button\" tabindex=\"0\">\n\t\t\t\t\t\t<i aria-hidden=\"true\" class=\"eicon-chevron-right\"><\/i>\t\t\t\t\t<\/div>\n\t\t\t\t\n\t\t\t\t\t\t\t\t\t<div class=\"swiper-pagination\"><\/div>\n\t\t\t\t\t\t\t\t\t<\/div>\n\t\t\t\t\t\t<\/div>\n\t\t\t\t<\/div>\n\t\t\t\t\t<\/div>\n\t\t<\/div>\n\t\t\t\t<div class=\"elementor-column elementor-col-50 elementor-top-column elementor-element elementor-element-26b6b70\" data-id=\"26b6b70\" data-element_type=\"column\">\n\t\t\t<div class=\"elementor-widget-wrap elementor-element-populated\">\n\t\t\t\t\t\t<div class=\"elementor-element elementor-element-ebc74dd elementor-widget elementor-widget-video\" data-id=\"ebc74dd\" data-element_type=\"widget\" data-settings=\"{&quot;autoplay&quot;:&quot;yes&quot;,&quot;mute&quot;:&quot;yes&quot;,&quot;loop&quot;:&quot;yes&quot;,&quot;video_type&quot;:&quot;vimeo&quot;}\" data-widget_type=\"video.default\">\n\t\t\t\t<div class=\"elementor-widget-container\">\n\t\t\t\t\t\t\t<div class=\"elementor-wrapper elementor-open-inline\">\n\t\t\t<iframe class=\"elementor-video-iframe\" allowfullscreen allow=\"autoplay\" title=\"vimeo Video Player\" src=\"https:\/\/player.vimeo.com\/video\/1135385676?autoplay=1&amp;color&amp;autopause=0&amp;loop=1&amp;muted=1&amp;title=1&amp;portrait=1&amp;byline=1#t=\"><\/iframe>\t\t<\/div>\n\t\t\t\t\t\t<\/div>\n\t\t\t\t<\/div>\n\t\t\t\t\t<\/div>\n\t\t<\/div>\n\t\t\t\t\t<\/div>\n\t\t<\/section>\n\t\t\t\t<\/div>","protected":false},"excerpt":{"rendered":"<p>PIEZAS ESPECIALES Piezas Especiales Fabricaci\u00f3n de Piezas Especiales Producto Servicio y Montaje Fabricaci\u00f3n de Piezas Especiales Realizamos la fabricaci\u00f3n de piezas especiales en HDPE corrugado, las cuales son elaboradas a pedido de acuerdo a las necesidades del cada cliente. Producto Trabajamos con productos de primera calidad, nuestra materia prima es producto nacional y cuenta con &hellip;<\/p>\n<p class=\"read-more\"> <a class=\"\" href=\"https:\/\/iminning.cl\/en\/piezas-especiales\/\"> <span class=\"screen-reader-text\">Piezas Especiales<\/span> Read More &raquo;<\/a><\/p>","protected":false},"author":1,"featured_media":1886,"parent":0,"menu_order":0,"comment_status":"closed","ping_status":"closed","template":"","meta":{"site-sidebar-layout":"no-sidebar","site-content-layout":"page-builder","ast-global-header-display":"","ast-main-header-display":"","ast-hfb-above-header-display":"","ast-hfb-below-header-display":"","ast-hfb-mobile-header-display":"","site-post-title":"disabled","ast-breadcrumbs-content":"","ast-featured-img":"disabled","footer-sml-layout":"","theme-transparent-header-meta":"","adv-header-id-meta":"","stick-header-meta":"","header-above-stick-meta":"","header-main-stick-meta":"","header-below-stick-meta":"","footnotes":""},"class_list":["post-3016","page","type-page","status-publish","has-post-thumbnail","hentry"],"yoast_head":"<!-- This site is optimized with the Yoast SEO plugin v25.7 - https:\/\/yoast.com\/wordpress\/plugins\/seo\/ -->\n<title>Piezas Especiales - Tuber\u00eda HDPE Corrugado y Liso<\/title>\n<meta name=\"description\" content=\"Trabajamos las l\u00edneas de HDPE liso, HDPE corrugado, PVC telef\u00f3nico, Poliductos para fibra \u00f3ptica y Fabricaci\u00f3n de piezas especiales en HDPE corrugado.\" \/>\n<meta name=\"robots\" content=\"index, follow, max-snippet:-1, max-image-preview:large, max-video-preview:-1\" \/>\n<link rel=\"canonical\" href=\"https:\/\/iminning.cl\/en\/piezas-especiales\/\" \/>\n<meta property=\"og:locale\" content=\"en_US\" \/>\n<meta property=\"og:type\" content=\"article\" \/>\n<meta property=\"og:title\" content=\"Piezas Especiales - Tuber\u00eda HDPE Corrugado y Liso\" \/>\n<meta property=\"og:description\" content=\"Trabajamos las l\u00edneas de HDPE liso, HDPE corrugado, PVC telef\u00f3nico, Poliductos para fibra \u00f3ptica y Fabricaci\u00f3n de piezas especiales en HDPE corrugado.\" \/>\n<meta property=\"og:url\" content=\"https:\/\/iminning.cl\/en\/piezas-especiales\/\" \/>\n<meta property=\"og:site_name\" content=\"Tuber\u00eda HDPE Corrugado y Liso\" \/>\n<meta property=\"article:modified_time\" content=\"2025-11-12T17:54:24+00:00\" \/>\n<meta property=\"og:image\" content=\"https:\/\/iminning.cl\/wp-content\/uploads\/2023\/03\/HDPE-CORRUGADO-5.jpg\" \/>\n\t<meta property=\"og:image:width\" content=\"2048\" \/>\n\t<meta property=\"og:image:height\" content=\"1365\" \/>\n\t<meta property=\"og:image:type\" content=\"image\/jpeg\" \/>\n<meta name=\"twitter:card\" content=\"summary_large_image\" \/>\n<meta name=\"twitter:label1\" content=\"Est. reading time\" \/>\n\t<meta name=\"twitter:data1\" content=\"3 minutes\" \/>\n<script type=\"application\/ld+json\" class=\"yoast-schema-graph\">{\"@context\":\"https:\/\/schema.org\",\"@graph\":[{\"@type\":\"WebPage\",\"@id\":\"https:\/\/iminning.cl\/piezas-especiales\/\",\"url\":\"https:\/\/iminning.cl\/piezas-especiales\/\",\"name\":\"Piezas Especiales - Tuber\u00eda HDPE Corrugado y Liso\",\"isPartOf\":{\"@id\":\"https:\/\/iminning.cl\/#website\"},\"primaryImageOfPage\":{\"@id\":\"https:\/\/iminning.cl\/piezas-especiales\/#primaryimage\"},\"image\":{\"@id\":\"https:\/\/iminning.cl\/piezas-especiales\/#primaryimage\"},\"thumbnailUrl\":\"https:\/\/iminning.cl\/wp-content\/uploads\/2023\/03\/HDPE-CORRUGADO-5.jpg\",\"datePublished\":\"2023-04-23T23:21:38+00:00\",\"dateModified\":\"2025-11-12T17:54:24+00:00\",\"description\":\"Trabajamos las l\u00edneas de HDPE liso, HDPE corrugado, PVC telef\u00f3nico, Poliductos para fibra \u00f3ptica y Fabricaci\u00f3n de piezas especiales en HDPE corrugado.\",\"breadcrumb\":{\"@id\":\"https:\/\/iminning.cl\/piezas-especiales\/#breadcrumb\"},\"inLanguage\":\"en-US\",\"potentialAction\":[{\"@type\":\"ReadAction\",\"target\":[\"https:\/\/iminning.cl\/piezas-especiales\/\"]}]},{\"@type\":\"ImageObject\",\"inLanguage\":\"en-US\",\"@id\":\"https:\/\/iminning.cl\/piezas-especiales\/#primaryimage\",\"url\":\"https:\/\/iminning.cl\/wp-content\/uploads\/2023\/03\/HDPE-CORRUGADO-5.jpg\",\"contentUrl\":\"https:\/\/iminning.cl\/wp-content\/uploads\/2023\/03\/HDPE-CORRUGADO-5.jpg\",\"width\":2048,\"height\":1365},{\"@type\":\"BreadcrumbList\",\"@id\":\"https:\/\/iminning.cl\/piezas-especiales\/#breadcrumb\",\"itemListElement\":[{\"@type\":\"ListItem\",\"position\":1,\"name\":\"Home\",\"item\":\"https:\/\/iminning.cl\/\"},{\"@type\":\"ListItem\",\"position\":2,\"name\":\"Piezas Especiales\"}]},{\"@type\":\"WebSite\",\"@id\":\"https:\/\/iminning.cl\/#website\",\"url\":\"https:\/\/iminning.cl\/\",\"name\":\"Tuber\u00eda HDPE Corrugado y Liso\",\"description\":\"Expertos en Tuber\u00edas\",\"publisher\":{\"@id\":\"https:\/\/iminning.cl\/#organization\"},\"potentialAction\":[{\"@type\":\"SearchAction\",\"target\":{\"@type\":\"EntryPoint\",\"urlTemplate\":\"https:\/\/iminning.cl\/?s={search_term_string}\"},\"query-input\":{\"@type\":\"PropertyValueSpecification\",\"valueRequired\":true,\"valueName\":\"search_term_string\"}}],\"inLanguage\":\"en-US\"},{\"@type\":\"Organization\",\"@id\":\"https:\/\/iminning.cl\/#organization\",\"name\":\"Iminning\",\"url\":\"https:\/\/iminning.cl\/\",\"logo\":{\"@type\":\"ImageObject\",\"inLanguage\":\"en-US\",\"@id\":\"https:\/\/iminning.cl\/#\/schema\/logo\/image\/\",\"url\":\"https:\/\/iminning.cl\/wp-content\/uploads\/2022\/08\/xxx4.png\",\"contentUrl\":\"https:\/\/iminning.cl\/wp-content\/uploads\/2022\/08\/xxx4.png\",\"width\":250,\"height\":52,\"caption\":\"Iminning\"},\"image\":{\"@id\":\"https:\/\/iminning.cl\/#\/schema\/logo\/image\/\"}}]}<\/script>\n<!-- \/ Yoast SEO plugin. -->","yoast_head_json":{"title":"Piezas Especiales - Tuber\u00eda HDPE Corrugado y Liso","description":"Trabajamos las l\u00edneas de HDPE liso, HDPE corrugado, PVC telef\u00f3nico, Poliductos para fibra \u00f3ptica y Fabricaci\u00f3n de piezas especiales en HDPE corrugado.","robots":{"index":"index","follow":"follow","max-snippet":"max-snippet:-1","max-image-preview":"max-image-preview:large","max-video-preview":"max-video-preview:-1"},"canonical":"https:\/\/iminning.cl\/en\/piezas-especiales\/","og_locale":"en_US","og_type":"article","og_title":"Piezas Especiales - Tuber\u00eda HDPE Corrugado y Liso","og_description":"Trabajamos las l\u00edneas de HDPE liso, HDPE corrugado, PVC telef\u00f3nico, Poliductos para fibra \u00f3ptica y Fabricaci\u00f3n de piezas especiales en HDPE corrugado.","og_url":"https:\/\/iminning.cl\/en\/piezas-especiales\/","og_site_name":"Tuber\u00eda HDPE Corrugado y Liso","article_modified_time":"2025-11-12T17:54:24+00:00","og_image":[{"width":2048,"height":1365,"url":"https:\/\/iminning.cl\/wp-content\/uploads\/2023\/03\/HDPE-CORRUGADO-5.jpg","type":"image\/jpeg"}],"twitter_card":"summary_large_image","twitter_misc":{"Est. reading time":"3 minutes"},"schema":{"@context":"https:\/\/schema.org","@graph":[{"@type":"WebPage","@id":"https:\/\/iminning.cl\/piezas-especiales\/","url":"https:\/\/iminning.cl\/piezas-especiales\/","name":"Piezas Especiales - Tuber\u00eda HDPE Corrugado y Liso","isPartOf":{"@id":"https:\/\/iminning.cl\/#website"},"primaryImageOfPage":{"@id":"https:\/\/iminning.cl\/piezas-especiales\/#primaryimage"},"image":{"@id":"https:\/\/iminning.cl\/piezas-especiales\/#primaryimage"},"thumbnailUrl":"https:\/\/iminning.cl\/wp-content\/uploads\/2023\/03\/HDPE-CORRUGADO-5.jpg","datePublished":"2023-04-23T23:21:38+00:00","dateModified":"2025-11-12T17:54:24+00:00","description":"Trabajamos las l\u00edneas de HDPE liso, HDPE corrugado, PVC telef\u00f3nico, Poliductos para fibra \u00f3ptica y Fabricaci\u00f3n de piezas especiales en HDPE corrugado.","breadcrumb":{"@id":"https:\/\/iminning.cl\/piezas-especiales\/#breadcrumb"},"inLanguage":"en-US","potentialAction":[{"@type":"ReadAction","target":["https:\/\/iminning.cl\/piezas-especiales\/"]}]},{"@type":"ImageObject","inLanguage":"en-US","@id":"https:\/\/iminning.cl\/piezas-especiales\/#primaryimage","url":"https:\/\/iminning.cl\/wp-content\/uploads\/2023\/03\/HDPE-CORRUGADO-5.jpg","contentUrl":"https:\/\/iminning.cl\/wp-content\/uploads\/2023\/03\/HDPE-CORRUGADO-5.jpg","width":2048,"height":1365},{"@type":"BreadcrumbList","@id":"https:\/\/iminning.cl\/piezas-especiales\/#breadcrumb","itemListElement":[{"@type":"ListItem","position":1,"name":"Home","item":"https:\/\/iminning.cl\/"},{"@type":"ListItem","position":2,"name":"Piezas Especiales"}]},{"@type":"WebSite","@id":"https:\/\/iminning.cl\/#website","url":"https:\/\/iminning.cl\/","name":"Tuber\u00eda HDPE Corrugado y Liso","description":"Expertos en Tuber\u00edas","publisher":{"@id":"https:\/\/iminning.cl\/#organization"},"potentialAction":[{"@type":"SearchAction","target":{"@type":"EntryPoint","urlTemplate":"https:\/\/iminning.cl\/?s={search_term_string}"},"query-input":{"@type":"PropertyValueSpecification","valueRequired":true,"valueName":"search_term_string"}}],"inLanguage":"en-US"},{"@type":"Organization","@id":"https:\/\/iminning.cl\/#organization","name":"Iminning","url":"https:\/\/iminning.cl\/","logo":{"@type":"ImageObject","inLanguage":"en-US","@id":"https:\/\/iminning.cl\/#\/schema\/logo\/image\/","url":"https:\/\/iminning.cl\/wp-content\/uploads\/2022\/08\/xxx4.png","contentUrl":"https:\/\/iminning.cl\/wp-content\/uploads\/2022\/08\/xxx4.png","width":250,"height":52,"caption":"Iminning"},"image":{"@id":"https:\/\/iminning.cl\/#\/schema\/logo\/image\/"}}]}},"_links":{"self":[{"href":"https:\/\/iminning.cl\/en\/wp-json\/wp\/v2\/pages\/3016","targetHints":{"allow":["GET"]}}],"collection":[{"href":"https:\/\/iminning.cl\/en\/wp-json\/wp\/v2\/pages"}],"about":[{"href":"https:\/\/iminning.cl\/en\/wp-json\/wp\/v2\/types\/page"}],"author":[{"embeddable":true,"href":"https:\/\/iminning.cl\/en\/wp-json\/wp\/v2\/users\/1"}],"replies":[{"embeddable":true,"href":"https:\/\/iminning.cl\/en\/wp-json\/wp\/v2\/comments?post=3016"}],"version-history":[{"count":39,"href":"https:\/\/iminning.cl\/en\/wp-json\/wp\/v2\/pages\/3016\/revisions"}],"predecessor-version":[{"id":5316,"href":"https:\/\/iminning.cl\/en\/wp-json\/wp\/v2\/pages\/3016\/revisions\/5316"}],"wp:featuredmedia":[{"embeddable":true,"href":"https:\/\/iminning.cl\/en\/wp-json\/wp\/v2\/media\/1886"}],"wp:attachment":[{"href":"https:\/\/iminning.cl\/en\/wp-json\/wp\/v2\/media?parent=3016"}],"curies":[{"name":"wp","href":"https:\/\/api.w.org\/{rel}","templated":true}]}}